{"id":11,"date":"2025-11-10T14:07:19","date_gmt":"2025-11-10T14:07:19","guid":{"rendered":"https:\/\/elkabouri.rkinformatika.online\/?page_id=11"},"modified":"2025-11-13T15:11:21","modified_gmt":"2025-11-13T15:11:21","slug":"inicio","status":"publish","type":"page","link":"https:\/\/elkabouri.com\/eu\/","title":{"rendered":"Hasiera"},"content":{"rendered":"<div data-elementor-type=\"wp-page\" data-elementor-id=\"11\" class=\"elementor elementor-11\" data-elementor-post-type=\"page\">\n\t\t\t\t<div class=\"elementor-element elementor-element-d2d8589 e-flex e-con-boxed e-con e-parent\" data-id=\"d2d8589\" data-element_type=\"container\" data-e-type=\"container\" data-settings=\"{&quot;background_background&quot;:&quot;classic&quot;}\">\n\t\t\t\t\t<div class=\"e-con-inner\">\n\t\t\t\t<div class=\"elementor-element elementor-element-7c0ef7c animated-slow elementor-invisible elementor-widget elementor-widget-heading\" data-id=\"7c0ef7c\" data-element_type=\"widget\" data-e-type=\"widget\" data-settings=\"{&quot;_animation&quot;:&quot;fadeInRight&quot;}\" data-widget_type=\"heading.default\">\n\t\t\t\t\t<h2 class=\"elementor-heading-title elementor-size-default\">Elkabouri igeltserotza eraberritzea<\/h2>\t\t\t\t<\/div>\n\t\t\t\t<div class=\"elementor-element elementor-element-61a9f39 animated-slow elementor-invisible elementor-widget elementor-widget-heading\" data-id=\"61a9f39\" data-element_type=\"widget\" data-e-type=\"widget\" data-settings=\"{&quot;_animation&quot;:&quot;fadeInRight&quot;}\" data-widget_type=\"heading.default\">\n\t\t\t\t\t<h2 class=\"elementor-heading-title elementor-size-default\">Erreformak, oro har<\/h2>\t\t\t\t<\/div>\n\t\t\t\t\t<\/div>\n\t\t\t\t<\/div>\n\t\t<div class=\"elementor-element elementor-element-786dadf e-flex e-con-boxed e-con e-parent\" data-id=\"786dadf\" data-element_type=\"container\" data-e-type=\"container\">\n\t\t\t\t\t<div class=\"e-con-inner\">\n\t\t\t\t<div class=\"elementor-element elementor-element-25164d5 elementor-widget elementor-widget-heading\" data-id=\"25164d5\" data-element_type=\"widget\" data-e-type=\"widget\" data-widget_type=\"heading.default\">\n\t\t\t\t\t<h2 class=\"elementor-heading-title elementor-size-default\">Guri Buruz<\/h2>\t\t\t\t<\/div>\n\t\t\t\t\t<\/div>\n\t\t\t\t<\/div>\n\t\t<div class=\"elementor-element elementor-element-cce11fc e-flex e-con-boxed e-con e-parent\" data-id=\"cce11fc\" data-element_type=\"container\" data-e-type=\"container\">\n\t\t\t\t\t<div class=\"e-con-inner\">\n\t\t<div class=\"elementor-element elementor-element-13f9d7b e-con-full e-flex e-con e-child\" data-id=\"13f9d7b\" data-element_type=\"container\" data-e-type=\"container\">\n\t\t\t\t<div class=\"elementor-element elementor-element-fca4009 elementor-widget elementor-widget-text-editor\" data-id=\"fca4009\" data-element_type=\"widget\" data-e-type=\"widget\" data-widget_type=\"text-editor.default\">\n\t\t\t\t\t\t\t\t\t<p>Elkabouri igeltserotza helburu sinple batekin sortu zen: etxea edo negozioa eraldatu nahi dutenei zerbitzu hurbila, profesionala eta konfiantzazkoa eskaintzea. Duela ia bi urte eman genituen lehen urratsak, eta ordutik dozenaka bezerori lagundu diegu espazio funtzionalagoak, modernoagoak eta neurrikoak sortzen. ...<\/p><p>Konponketa txikietatik hasi eta erreforma integraletaraino, gure lana dedikazioak, xehetasunak eta kalitateak gidatu dute beti. Denborak aurrera egin ahala, igeltserotza proiektuei, bainu eta sukaldeen birmoldaketari, azulejuak jartzeari, kanpoko eta barruko lanei, erreforma bertikalei eta pladurreko soluzioei ekiteko gai den talde aditu bat finkatu dugu.<\/p>\t\t\t\t\t\t\t\t<\/div>\n\t\t\t\t<\/div>\n\t\t<div class=\"elementor-element elementor-element-aec88de e-con-full e-flex e-con e-child\" data-id=\"aec88de\" data-element_type=\"container\" data-e-type=\"container\">\n\t\t\t\t<div class=\"elementor-element elementor-element-b90b01d elementor-widget elementor-widget-image\" data-id=\"b90b01d\" data-element_type=\"widget\" data-e-type=\"widget\" data-widget_type=\"image.default\">\n\t\t\t\t\t\t\t\t\t\t\t\t\t\t\t<img fetchpriority=\"high\" decoding=\"async\" width=\"2560\" height=\"1707\" src=\"https:\/\/elkabouri.com\/wp-content\/uploads\/2025\/11\/electrician-installer-with-tool-his-hands-working-with-cable-construction-site-scaled.jpg\" class=\"attachment-full size-full wp-image-185\" alt=\"\" srcset=\"https:\/\/elkabouri.com\/wp-content\/uploads\/2025\/11\/electrician-installer-with-tool-his-hands-working-with-cable-construction-site-scaled.jpg 2560w, https:\/\/elkabouri.com\/wp-content\/uploads\/2025\/11\/electrician-installer-with-tool-his-hands-working-with-cable-construction-site-300x200.jpg 300w, https:\/\/elkabouri.com\/wp-content\/uploads\/2025\/11\/electrician-installer-with-tool-his-hands-working-with-cable-construction-site-1024x683.jpg 1024w, https:\/\/elkabouri.com\/wp-content\/uploads\/2025\/11\/electrician-installer-with-tool-his-hands-working-with-cable-construction-site-768x512.jpg 768w, https:\/\/elkabouri.com\/wp-content\/uploads\/2025\/11\/electrician-installer-with-tool-his-hands-working-with-cable-construction-site-1536x1024.jpg 1536w, https:\/\/elkabouri.com\/wp-content\/uploads\/2025\/11\/electrician-installer-with-tool-his-hands-working-with-cable-construction-site-2048x1365.jpg 2048w, https:\/\/elkabouri.com\/wp-content\/uploads\/2025\/11\/electrician-installer-with-tool-his-hands-working-with-cable-construction-site-18x12.jpg 18w\" sizes=\"(max-width: 2560px) 100vw, 2560px\" \/>\t\t\t\t\t\t\t\t\t\t\t\t\t\t\t<\/div>\n\t\t\t\t<\/div>\n\t\t\t\t\t<\/div>\n\t\t\t\t<\/div>\n\t\t<div class=\"elementor-element elementor-element-a8ee2ca e-flex e-con-boxed e-con e-parent\" data-id=\"a8ee2ca\" data-element_type=\"container\" data-e-type=\"container\" data-settings=\"{&quot;background_background&quot;:&quot;classic&quot;}\">\n\t\t\t\t\t<div class=\"e-con-inner\">\n\t\t<div class=\"elementor-element elementor-element-bc844c7 e-con-full e-flex e-con e-child\" data-id=\"bc844c7\" data-element_type=\"container\" data-e-type=\"container\">\n\t\t\t\t<div class=\"elementor-element elementor-element-604e9ae elementor-widget elementor-widget-heading\" data-id=\"604e9ae\" data-element_type=\"widget\" data-e-type=\"widget\" data-widget_type=\"heading.default\">\n\t\t\t\t\t<h2 class=\"elementor-heading-title elementor-size-default\">Eskatu zure aurrekontua konpromisorik gabe!<\/h2>\t\t\t\t<\/div>\n\t\t\t\t<div class=\"elementor-element elementor-element-a1b480f elementor-align-center elementor-widget elementor-widget-button\" data-id=\"a1b480f\" data-element_type=\"widget\" data-e-type=\"widget\" data-widget_type=\"button.default\">\n\t\t\t\t\t\t\t\t\t\t<a class=\"elementor-button elementor-button-link elementor-size-sm\" href=\"tel:%20687%20089%20854\">\n\t\t\t\t\t\t<span class=\"elementor-button-content-wrapper\">\n\t\t\t\t\t\t\t\t\t<span class=\"elementor-button-text\">Contactar<\/span>\n\t\t\t\t\t<\/span>\n\t\t\t\t\t<\/a>\n\t\t\t\t\t\t\t\t<\/div>\n\t\t\t\t<\/div>\n\t\t\t\t\t<\/div>\n\t\t\t\t<\/div>\n\t\t\t\t<\/div>","protected":false},"excerpt":{"rendered":"<p>Reformas de alba\u00f1ileria Elkabouri Reformas en general Sobre nosotros Alba\u00f1iler\u00eda Elkabouri naci\u00f3 con un prop\u00f3sito sencillo: ofrecer un servicio cercano, profesional y de confianza a quienes buscan transformar su hogar o negocio. Hace casi dos a\u00f1os dimos nuestros primeros pasos, y desde entonces hemos acompa\u00f1ado a decenas de clientes en la creaci\u00f3n de espacios m\u00e1s [&hellip;]<\/p>\n","protected":false},"author":1,"featured_media":0,"parent":0,"menu_order":0,"comment_status":"closed","ping_status":"closed","template":"elementor_canvas","meta":{"footnotes":""},"class_list":["post-11","page","type-page","status-publish","hentry"],"yoast_head":"<!-- This site is optimized with the Yoast SEO plugin v27.3 - https:\/\/yoast.com\/product\/yoast-seo-wordpress\/ -->\n<title>Inicio - Reformas de alba\u00f1iler\u00eda Elkabouri<\/title>\n<meta name=\"robots\" content=\"index, follow, max-snippet:-1, max-image-preview:large, max-video-preview:-1\" \/>\n<link rel=\"canonical\" href=\"https:\/\/elkabouri.com\/eu\/\" \/>\n<meta property=\"og:locale\" content=\"en_US\" \/>\n<meta property=\"og:type\" content=\"article\" \/>\n<meta property=\"og:title\" content=\"Inicio - Reformas de alba\u00f1iler\u00eda Elkabouri\" \/>\n<meta property=\"og:description\" content=\"Reformas de alba\u00f1ileria Elkabouri Reformas en general Sobre nosotros Alba\u00f1iler\u00eda Elkabouri naci\u00f3 con un prop\u00f3sito sencillo: ofrecer un servicio cercano, profesional y de confianza a quienes buscan transformar su hogar o negocio. Hace casi dos a\u00f1os dimos nuestros primeros pasos, y desde entonces hemos acompa\u00f1ado a decenas de clientes en la creaci\u00f3n de espacios m\u00e1s [&hellip;]\" \/>\n<meta property=\"og:url\" content=\"https:\/\/elkabouri.com\/eu\/\" \/>\n<meta property=\"og:site_name\" content=\"Reformas de alba\u00f1iler\u00eda Elkabouri\" \/>\n<meta property=\"article:modified_time\" content=\"2025-11-13T15:11:21+00:00\" \/>\n<meta property=\"og:image\" content=\"https:\/\/elkabouri.com\/wp-content\/uploads\/2025\/11\/electrician-installer-with-tool-his-hands-working-with-cable-construction-site-scaled.jpg\" \/>\n<meta name=\"twitter:card\" content=\"summary_large_image\" \/>\n<meta name=\"twitter:label1\" content=\"Est. reading time\" \/>\n\t<meta name=\"twitter:data1\" content=\"1 minutua\" \/>\n<script type=\"application\/ld+json\" class=\"yoast-schema-graph\">{\"@context\":\"https:\\\/\\\/schema.org\",\"@graph\":[{\"@type\":\"WebPage\",\"@id\":\"https:\\\/\\\/elkabouri.com\\\/\",\"url\":\"https:\\\/\\\/elkabouri.com\\\/\",\"name\":\"Inicio - Reformas de alba\u00f1iler\u00eda Elkabouri\",\"isPartOf\":{\"@id\":\"https:\\\/\\\/elkabouri.com\\\/#website\"},\"primaryImageOfPage\":{\"@id\":\"https:\\\/\\\/elkabouri.com\\\/#primaryimage\"},\"image\":{\"@id\":\"https:\\\/\\\/elkabouri.com\\\/#primaryimage\"},\"thumbnailUrl\":\"https:\\\/\\\/elkabouri.com\\\/wp-content\\\/uploads\\\/2025\\\/11\\\/electrician-installer-with-tool-his-hands-working-with-cable-construction-site-scaled.jpg\",\"datePublished\":\"2025-11-10T14:07:19+00:00\",\"dateModified\":\"2025-11-13T15:11:21+00:00\",\"breadcrumb\":{\"@id\":\"https:\\\/\\\/elkabouri.com\\\/#breadcrumb\"},\"inLanguage\":\"eu\",\"potentialAction\":[{\"@type\":\"ReadAction\",\"target\":[\"https:\\\/\\\/elkabouri.com\\\/\"]}]},{\"@type\":\"ImageObject\",\"inLanguage\":\"eu\",\"@id\":\"https:\\\/\\\/elkabouri.com\\\/#primaryimage\",\"url\":\"https:\\\/\\\/elkabouri.com\\\/wp-content\\\/uploads\\\/2025\\\/11\\\/electrician-installer-with-tool-his-hands-working-with-cable-construction-site-scaled.jpg\",\"contentUrl\":\"https:\\\/\\\/elkabouri.com\\\/wp-content\\\/uploads\\\/2025\\\/11\\\/electrician-installer-with-tool-his-hands-working-with-cable-construction-site-scaled.jpg\"},{\"@type\":\"BreadcrumbList\",\"@id\":\"https:\\\/\\\/elkabouri.com\\\/#breadcrumb\",\"itemListElement\":[{\"@type\":\"ListItem\",\"position\":1,\"name\":\"Portada\",\"item\":\"https:\\\/\\\/elkabouri.com\\\/\"},{\"@type\":\"ListItem\",\"position\":2,\"name\":\"Inicio\"}]},{\"@type\":\"WebSite\",\"@id\":\"https:\\\/\\\/elkabouri.com\\\/#website\",\"url\":\"https:\\\/\\\/elkabouri.com\\\/\",\"name\":\"Reformas de alba\u00f1iler\u00eda Elkabouri\",\"description\":\"Alba\u00f1iler\u00eda en Amorebieta, Bizkaia. Reformas en general, ba\u00f1os, cocinas, azulejos, exteriores, interiores, verticales, pladur... Llamanos 687 089 854!\",\"publisher\":{\"@id\":\"https:\\\/\\\/elkabouri.com\\\/#organization\"},\"potentialAction\":[{\"@type\":\"SearchAction\",\"target\":{\"@type\":\"EntryPoint\",\"urlTemplate\":\"https:\\\/\\\/elkabouri.com\\\/?s={search_term_string}\"},\"query-input\":{\"@type\":\"PropertyValueSpecification\",\"valueRequired\":true,\"valueName\":\"search_term_string\"}}],\"inLanguage\":\"eu\"},{\"@type\":\"Organization\",\"@id\":\"https:\\\/\\\/elkabouri.com\\\/#organization\",\"name\":\"Reformas de alba\u00f1iler\u00eda Elkabouri\",\"url\":\"https:\\\/\\\/elkabouri.com\\\/\",\"logo\":{\"@type\":\"ImageObject\",\"inLanguage\":\"eu\",\"@id\":\"https:\\\/\\\/elkabouri.com\\\/#\\\/schema\\\/logo\\\/image\\\/\",\"url\":\"https:\\\/\\\/elkabouri.com\\\/wp-content\\\/uploads\\\/2025\\\/11\\\/cropped-mohammadelkabouri202509_logoarriba.jpg\",\"contentUrl\":\"https:\\\/\\\/elkabouri.com\\\/wp-content\\\/uploads\\\/2025\\\/11\\\/cropped-mohammadelkabouri202509_logoarriba.jpg\",\"width\":346,\"height\":99,\"caption\":\"Reformas de alba\u00f1iler\u00eda Elkabouri\"},\"image\":{\"@id\":\"https:\\\/\\\/elkabouri.com\\\/#\\\/schema\\\/logo\\\/image\\\/\"}}]}<\/script>\n<!-- \/ Yoast SEO plugin. -->","yoast_head_json":{"title":"Inicio - Reformas de alba\u00f1iler\u00eda Elkabouri","robots":{"index":"index","follow":"follow","max-snippet":"max-snippet:-1","max-image-preview":"max-image-preview:large","max-video-preview":"max-video-preview:-1"},"canonical":"https:\/\/elkabouri.com\/eu\/","og_locale":"en_US","og_type":"article","og_title":"Inicio - Reformas de alba\u00f1iler\u00eda Elkabouri","og_description":"Reformas de alba\u00f1ileria Elkabouri Reformas en general Sobre nosotros Alba\u00f1iler\u00eda Elkabouri naci\u00f3 con un prop\u00f3sito sencillo: ofrecer un servicio cercano, profesional y de confianza a quienes buscan transformar su hogar o negocio. Hace casi dos a\u00f1os dimos nuestros primeros pasos, y desde entonces hemos acompa\u00f1ado a decenas de clientes en la creaci\u00f3n de espacios m\u00e1s [&hellip;]","og_url":"https:\/\/elkabouri.com\/eu\/","og_site_name":"Reformas de alba\u00f1iler\u00eda Elkabouri","article_modified_time":"2025-11-13T15:11:21+00:00","og_image":[{"url":"https:\/\/elkabouri.com\/wp-content\/uploads\/2025\/11\/electrician-installer-with-tool-his-hands-working-with-cable-construction-site-scaled.jpg","type":"","width":"","height":""}],"twitter_card":"summary_large_image","twitter_misc":{"Est. reading time":"1 minutua"},"schema":{"@context":"https:\/\/schema.org","@graph":[{"@type":"WebPage","@id":"https:\/\/elkabouri.com\/","url":"https:\/\/elkabouri.com\/","name":"Inicio - Reformas de alba\u00f1iler\u00eda Elkabouri","isPartOf":{"@id":"https:\/\/elkabouri.com\/#website"},"primaryImageOfPage":{"@id":"https:\/\/elkabouri.com\/#primaryimage"},"image":{"@id":"https:\/\/elkabouri.com\/#primaryimage"},"thumbnailUrl":"https:\/\/elkabouri.com\/wp-content\/uploads\/2025\/11\/electrician-installer-with-tool-his-hands-working-with-cable-construction-site-scaled.jpg","datePublished":"2025-11-10T14:07:19+00:00","dateModified":"2025-11-13T15:11:21+00:00","breadcrumb":{"@id":"https:\/\/elkabouri.com\/#breadcrumb"},"inLanguage":"eu","potentialAction":[{"@type":"ReadAction","target":["https:\/\/elkabouri.com\/"]}]},{"@type":"ImageObject","inLanguage":"eu","@id":"https:\/\/elkabouri.com\/#primaryimage","url":"https:\/\/elkabouri.com\/wp-content\/uploads\/2025\/11\/electrician-installer-with-tool-his-hands-working-with-cable-construction-site-scaled.jpg","contentUrl":"https:\/\/elkabouri.com\/wp-content\/uploads\/2025\/11\/electrician-installer-with-tool-his-hands-working-with-cable-construction-site-scaled.jpg"},{"@type":"BreadcrumbList","@id":"https:\/\/elkabouri.com\/#breadcrumb","itemListElement":[{"@type":"ListItem","position":1,"name":"Portada","item":"https:\/\/elkabouri.com\/"},{"@type":"ListItem","position":2,"name":"Inicio"}]},{"@type":"WebSite","@id":"https:\/\/elkabouri.com\/#website","url":"https:\/\/elkabouri.com\/","name":"Reformas de alba\u00f1iler\u00eda Elkabouri","description":"Alba\u00f1iler\u00eda en Amorebieta, Bizkaia. Reformas en general, ba\u00f1os, cocinas, azulejos, exteriores, interiores, verticales, pladur... Llamanos 687 089 854!","publisher":{"@id":"https:\/\/elkabouri.com\/#organization"},"potentialAction":[{"@type":"SearchAction","target":{"@type":"EntryPoint","urlTemplate":"https:\/\/elkabouri.com\/?s={search_term_string}"},"query-input":{"@type":"PropertyValueSpecification","valueRequired":true,"valueName":"search_term_string"}}],"inLanguage":"eu"},{"@type":"Organization","@id":"https:\/\/elkabouri.com\/#organization","name":"Reformas de alba\u00f1iler\u00eda Elkabouri","url":"https:\/\/elkabouri.com\/","logo":{"@type":"ImageObject","inLanguage":"eu","@id":"https:\/\/elkabouri.com\/#\/schema\/logo\/image\/","url":"https:\/\/elkabouri.com\/wp-content\/uploads\/2025\/11\/cropped-mohammadelkabouri202509_logoarriba.jpg","contentUrl":"https:\/\/elkabouri.com\/wp-content\/uploads\/2025\/11\/cropped-mohammadelkabouri202509_logoarriba.jpg","width":346,"height":99,"caption":"Reformas de alba\u00f1iler\u00eda Elkabouri"},"image":{"@id":"https:\/\/elkabouri.com\/#\/schema\/logo\/image\/"}}]}},"_links":{"self":[{"href":"https:\/\/elkabouri.com\/eu\/wp-json\/wp\/v2\/pages\/11","targetHints":{"allow":["GET"]}}],"collection":[{"href":"https:\/\/elkabouri.com\/eu\/wp-json\/wp\/v2\/pages"}],"about":[{"href":"https:\/\/elkabouri.com\/eu\/wp-json\/wp\/v2\/types\/page"}],"author":[{"embeddable":true,"href":"https:\/\/elkabouri.com\/eu\/wp-json\/wp\/v2\/users\/1"}],"replies":[{"embeddable":true,"href":"https:\/\/elkabouri.com\/eu\/wp-json\/wp\/v2\/comments?post=11"}],"version-history":[{"count":40,"href":"https:\/\/elkabouri.com\/eu\/wp-json\/wp\/v2\/pages\/11\/revisions"}],"predecessor-version":[{"id":274,"href":"https:\/\/elkabouri.com\/eu\/wp-json\/wp\/v2\/pages\/11\/revisions\/274"}],"wp:attachment":[{"href":"https:\/\/elkabouri.com\/eu\/wp-json\/wp\/v2\/media?parent=11"}],"curies":[{"name":"wp","href":"https:\/\/api.w.org\/{rel}","templated":true}]}}